{"id":35,"date":"2020-07-18T20:24:59","date_gmt":"2020-07-18T20:24:59","guid":{"rendered":"http:\/\/in.btshub.lu\/?page_id=35"},"modified":"2022-01-26T12:32:56","modified_gmt":"2022-01-26T11:32:56","slug":"faq-du-bts-informatique","status":"publish","type":"page","link":"https:\/\/in.btshub.lu\/faq-du-bts-informatique\/","title":{"rendered":"FAQ du BTS Informatique"},"content":{"rendered":"<h2>Inscription<\/h2>\n<p><strong>Peut-on s&#8217;inscrire lorsqu&#8217;on est d\u00e9tenteur d&#8217;un dipl\u00f4me \u00e9tranger?<\/strong><\/p>\n<p>De mani\u00e8re g\u00e9n\u00e9rale on peut s&#8217;inscrire lorsqu&#8217;on \u00e0 un dipl\u00f4me de fin d&#8217;\u00e9tude secondaire ou secondaire technique luxembourgeois. Tout dipl\u00f4me reconnu \u00e9quivalent par le minist\u00e8re de l&#8217;\u00e9ducation permet \u00e9galement l&#8217;acc\u00e8s aux \u00e9tudes du BTSi. De plus amples informations concernant la reconnaissance des dipl\u00f4mes peuvent \u00eatre consult\u00e9s sur le site du MEN.<\/p>\n<p><strong>Quand est-ce que l&#8217;on re\u00e7oit une preuve d&#8217;inscription?<\/strong><\/p>\n<p>Une preuve d&#8217;inscription ne sera \u00e9tablie que lorsque toutes les conditions de l&#8217;inscription d\u00e9finitive sont remplies.<\/p>\n<h2>Formation<\/h2>\n<p><strong>Quelles sont les langues utilis\u00e9es au BTSi?<\/strong><\/p>\n<p>Les cours dispens\u00e9s au BTSi sont tenus en Allemand, Fran\u00e7ais ET Anglais. La langue la plus utilis\u00e9e est l&#8217;anglais, car presque la totalit\u00e9 des manuels de cours sont en anglais. Il faut donc ma\u00eetriser ces trois langues de mani\u00e8re \u00e0 pouvoir comprendre une documentation technique dans ces trois langues ainsi que s&#8217;exprimer de fa\u00e7on pr\u00e9cise. Le niveau requis est un niveau de langue B1.<\/p>\n<p><strong>Que peut-on faire si on a un d\u00e9ficit dans une langue?<\/strong><\/p>\n<p>Si vous avez des d\u00e9ficiences dans une langue, vous pouvez suivre des cours de langue dans une institution tiers. Le LAM n&#8217;offre pas de cours de langue pour l&#8217;instant.<\/p>\n<p><strong>La langue allemande est-elle facultative?<\/strong><\/p>\n<p>L&#8217;allemand est utilis\u00e9 dans le cours COMAN (communication allemande) est fait partie int\u00e9grante du dipl\u00f4me du BTSi. On ne pourra pas obtenir le dipl\u00f4me, si on le module COMAN n&#8217;est pas valid\u00e9.<\/p>\n<h2>Concours d&#8217;admission<\/h2>\n<p><strong>Quelle est la finalit\u00e9 de l&#8217;\u00e9preuve orale?<\/strong><\/p>\n<p>L&#8217;\u00e9preuve orale sert \u00e0 tester si un \u00e9tudiant peut prouver l&#8217;int\u00e9r\u00eat qui apporte \u00e0 l&#8217;informatique. L&#8217;\u00e9preuve ne sert pas n\u00e9cessairement \u00e0 tester les comp\u00e9tences dans une langue particuli\u00e8re.<\/p>\n<p><strong>Comment la langue de l&#8217;\u00e9preuve portant sur un texte informatique est-elle choisie?<\/strong><\/p>\n<p>Le choix de la langue est d\u00e9cid\u00e9 en interne par le jurys d&#8217;examen.<\/p>\n<p><strong>Existe-t-il un exemple d&#8217;un questionnaire?<\/strong><\/p>\n<p>Non.<\/p>\n<h2>Divers<\/h2>\n<p>Comment peut-on souscrire \u00e0 la diffusion automatique de messages du BTSi par email?<\/p>\n<p>En s&#8217;inscrivant dans la liste de diffusion on peut recevoir les informations par email. On peut se d\u00e9sabonner \u00e0 chaque moment de cette liste.<\/p>\n","protected":false},"excerpt":{"rendered":"<p>Inscription Peut-on s&#8217;inscrire lorsqu&#8217;on est d\u00e9tenteur d&#8217;un dipl\u00f4me \u00e9tranger? De mani\u00e8re g\u00e9n\u00e9rale on peut s&#8217;inscrire lorsqu&#8217;on \u00e0 un dipl\u00f4me de fin d&#8217;\u00e9tude secondaire ou secondaire technique luxembourgeois. Tout dipl\u00f4me reconnu \u00e9quivalent par le minist\u00e8re de l&#8217;\u00e9ducation permet \u00e9galement l&#8217;acc\u00e8s aux&#8230; <a class=\"direadmore\" href=\"https:\/\/in.btshub.lu\/faq-du-bts-informatique\/\"> Continue Reading&#8230;<\/a><\/p>\n","protected":false},"author":6,"featured_media":0,"parent":0,"menu_order":0,"comment_status":"closed","ping_status":"closed","template":"","meta":{"footnotes":""},"class_list":["post-35","page","type-page","status-publish","hentry"],"_links":{"self":[{"href":"https:\/\/in.btshub.lu\/wp-json\/wp\/v2\/pages\/35","targetHints":{"allow":["GET"]}}],"collection":[{"href":"https:\/\/in.btshub.lu\/wp-json\/wp\/v2\/pages"}],"about":[{"href":"https:\/\/in.btshub.lu\/wp-json\/wp\/v2\/types\/page"}],"author":[{"embeddable":true,"href":"https:\/\/in.btshub.lu\/wp-json\/wp\/v2\/users\/6"}],"replies":[{"embeddable":true,"href":"https:\/\/in.btshub.lu\/wp-json\/wp\/v2\/comments?post=35"}],"version-history":[{"count":2,"href":"https:\/\/in.btshub.lu\/wp-json\/wp\/v2\/pages\/35\/revisions"}],"predecessor-version":[{"id":199,"href":"https:\/\/in.btshub.lu\/wp-json\/wp\/v2\/pages\/35\/revisions\/199"}],"wp:attachment":[{"href":"https:\/\/in.btshub.lu\/wp-json\/wp\/v2\/media?parent=35"}],"curies":[{"name":"wp","href":"https:\/\/api.w.org\/{rel}","templated":true}]}}