{"id":38,"date":"2020-07-18T20:27:04","date_gmt":"2020-07-18T20:27:04","guid":{"rendered":"http:\/\/in.btshub.lu\/?page_id=38"},"modified":"2020-07-21T09:59:42","modified_gmt":"2020-07-21T09:59:42","slug":"presentation","status":"publish","type":"page","link":"https:\/\/in.btshub.lu\/presentation\/","title":{"rendered":"Pr\u00e9sentation"},"content":{"rendered":"<div data-post-id=\"41\" class=\"insert-page insert-page-41 \"><h1><a href=\"https:\/\/in.btshub.lu\/presentation\/objectifs-de-la-formation\/\">Objectifs de la formation<\/a><\/h1>\n\t\t\t\t\t\t\t<p>Objectifs de la formation du BTSi La loi du 19 jui 2009 portant organisation de l&#8217;enseignement sup\u00e9rieur d\u00e9finit l&#8217;objectif du cycle d&#8217;\u00e9tudes comme: Art. 3. Il est organise\u0301 un cycle d\u2019e\u0301tudes d\u2019enseignement supe\u0301rieur, a\u0300 finalite\u0301 professionnelle, sanctionne\u0301 par l\u2019obtention du&#8230; <a class=\"direadmore\" href=\"https:\/\/in.btshub.lu\/presentation\/objectifs-de-la-formation\/\"> Continue Reading&#8230;<\/a><\/p>\n<\/div>\n<div data-post-id=\"43\" class=\"insert-page insert-page-43 \"><h1><a href=\"https:\/\/in.btshub.lu\/presentation\/finalites-de-la-formation\/\">Finalit\u00e9s de la formation<\/a><\/h1>\n\t\t\t\t\t\t\t<p>Le d\u00e9tenteur d&#8217;un BTSi peut avoir des activit\u00e9s tr\u00e8s diversifi\u00e9es. Voici une liste non exhaustive de quelques activit\u00e9s : analyse et conception d&#8217;une application informatique, participation \u00e0 l&#8217;installation d&#8217;un syst\u00e8me informatique, installation et configuration de syst\u00e8mes d&#8217;exploitation, installation, configuration et&#8230; <a class=\"direadmore\" href=\"https:\/\/in.btshub.lu\/presentation\/finalites-de-la-formation\/\"> Continue Reading&#8230;<\/a><\/p>\n<\/div>\n<div data-post-id=\"46\" class=\"insert-page insert-page-46 \"><h1><a href=\"https:\/\/in.btshub.lu\/presentation\/aptitudes\/\">Aptitudes<\/a><\/h1>\n\t\t\t\t\t\t\t<p>Il est recommand\u00e9 de disposer de certaines aptitudes de base pour suivre les \u00e9tudes sous de bonnes conditions\u00a0: Connaissances de base du travail avec l\u2019ordinateur (syst\u00e8mes d\u2019exploitation courant) Capacit\u00e9 de raisonnement logique Langues1\u00a0: Allemand Fran\u00e7ais Anglais (Luxembourgeois) Profil\u00e9 d\u2019exigences pour&#8230; <a class=\"direadmore\" href=\"https:\/\/in.btshub.lu\/presentation\/aptitudes\/\"> Continue Reading&#8230;<\/a><\/p>\n<\/div>\n<div data-post-id=\"75\" class=\"insert-page insert-page-75 \"><h1><a href=\"https:\/\/in.btshub.lu\/presentation\/prestations-detudes\/\">Prestations d&#8217;\u00e9tudes<\/a><\/h1>\n\t\t\t\t\t\t\t<p>La loi du 19 juin 2009 portant organisation de l&#8217;enseignement sup\u00e9rieur stipule que l\u2019obtention du brevet de technicien sup\u00e9rieur comporte l\u2019acquisition de 120 cr\u00e9dits europ\u00e9ens. La dur\u00e9e normale de la formation du brevet de technicien sup\u00e9rieur est de deux ann\u00e9es&#8230; <a class=\"direadmore\" href=\"https:\/\/in.btshub.lu\/presentation\/prestations-detudes\/\"> Continue Reading&#8230;<\/a><\/p>\n<\/div>\n<div data-post-id=\"48\" class=\"insert-page insert-page-48 \"><h1><a href=\"https:\/\/in.btshub.lu\/presentation\/debouches\/\">D\u00e9bouch\u00e9s<\/a><\/h1>\n\t\t\t\t\t\t\t<p>Les d\u00e9tenteurs du dipl\u00f4me BTS informatique, une fois exp\u00e9riment\u00e9s, seront aptes \u00e0 occuper des emplois types aussi divers que\u00a0: Programmeur Dans son entreprise, c&#8217;est lui qui est charg\u00e9 de concevoir et de d\u00e9velopper une application informatique, c&#8217;est-\u00e0-dire transcrire un besoin&#8230; <a class=\"direadmore\" href=\"https:\/\/in.btshub.lu\/presentation\/debouches\/\"> Continue Reading&#8230;<\/a><\/p>\n<\/div>\n<p>&nbsp;<\/p>\n","protected":false},"excerpt":{"rendered":"<p>&nbsp;<\/p>\n","protected":false},"author":6,"featured_media":0,"parent":0,"menu_order":0,"comment_status":"closed","ping_status":"closed","template":"","meta":{"footnotes":""},"class_list":["post-38","page","type-page","status-publish","hentry"],"_links":{"self":[{"href":"https:\/\/in.btshub.lu\/wp-json\/wp\/v2\/pages\/38","targetHints":{"allow":["GET"]}}],"collection":[{"href":"https:\/\/in.btshub.lu\/wp-json\/wp\/v2\/pages"}],"about":[{"href":"https:\/\/in.btshub.lu\/wp-json\/wp\/v2\/types\/page"}],"author":[{"embeddable":true,"href":"https:\/\/in.btshub.lu\/wp-json\/wp\/v2\/users\/6"}],"replies":[{"embeddable":true,"href":"https:\/\/in.btshub.lu\/wp-json\/wp\/v2\/comments?post=38"}],"version-history":[{"count":3,"href":"https:\/\/in.btshub.lu\/wp-json\/wp\/v2\/pages\/38\/revisions"}],"predecessor-version":[{"id":120,"href":"https:\/\/in.btshub.lu\/wp-json\/wp\/v2\/pages\/38\/revisions\/120"}],"wp:attachment":[{"href":"https:\/\/in.btshub.lu\/wp-json\/wp\/v2\/media?parent=38"}],"curies":[{"name":"wp","href":"https:\/\/api.w.org\/{rel}","templated":true}]}}