{"id":43,"date":"2020-07-18T20:27:50","date_gmt":"2020-07-18T20:27:50","guid":{"rendered":"http:\/\/in.btshub.lu\/?page_id=43"},"modified":"2020-07-21T09:34:47","modified_gmt":"2020-07-21T09:34:47","slug":"finalites-de-la-formation","status":"publish","type":"page","link":"https:\/\/in.btshub.lu\/presentation\/finalites-de-la-formation\/","title":{"rendered":"Finalit\u00e9s de la formation"},"content":{"rendered":"<p class=\"Text\">Le d\u00e9tenteur d&#8217;un BTSi peut avoir des activit\u00e9s tr\u00e8s diversifi\u00e9es. Voici une liste non exhaustive de quelques activit\u00e9s :<\/p>\n<ul>\n<li class=\"Liste Text\">analyse et conception d&#8217;une application informatique,<\/li>\n<li class=\"Liste Text\">participation \u00e0 l&#8217;installation d&#8217;un syst\u00e8me informatique,<\/li>\n<li class=\"Liste Text\">installation et configuration de syst\u00e8mes d&#8217;exploitation,<\/li>\n<li class=\"Liste Text\">installation, configuration et exploitation du r\u00e9seau informatique,<\/li>\n<li class=\"Liste Text\">installation et configuration de serveurs et de postes de travail dans le r\u00e9seau,<\/li>\n<li class=\"Liste Text\">d\u00e9pannages de probl\u00e8mes provenant du r\u00e9seau informatique, syst\u00e8me d&#8217;exploitation ou des serveurs,<\/li>\n<li class=\"Liste Text\">cr\u00e9ation, maintenance et s\u00e9curisation de pr\u00e9sences sur internet,<\/li>\n<li class=\"Liste Text\">d\u00e9veloppement, utilisation et maintenance de bases de donn\u00e9es.<\/li>\n<\/ul>\n","protected":false},"excerpt":{"rendered":"<p>Le d\u00e9tenteur d&#8217;un BTSi peut avoir des activit\u00e9s tr\u00e8s diversifi\u00e9es. Voici une liste non exhaustive de quelques activit\u00e9s : analyse et conception d&#8217;une application informatique, participation \u00e0 l&#8217;installation d&#8217;un syst\u00e8me informatique, installation et configuration de syst\u00e8mes d&#8217;exploitation, installation, configuration et&#8230; <a class=\"direadmore\" href=\"https:\/\/in.btshub.lu\/presentation\/finalites-de-la-formation\/\"> Continue Reading&#8230;<\/a><\/p>\n","protected":false},"author":6,"featured_media":0,"parent":38,"menu_order":2,"comment_status":"closed","ping_status":"closed","template":"","meta":{"footnotes":""},"class_list":["post-43","page","type-page","status-publish","hentry"],"_links":{"self":[{"href":"https:\/\/in.btshub.lu\/wp-json\/wp\/v2\/pages\/43","targetHints":{"allow":["GET"]}}],"collection":[{"href":"https:\/\/in.btshub.lu\/wp-json\/wp\/v2\/pages"}],"about":[{"href":"https:\/\/in.btshub.lu\/wp-json\/wp\/v2\/types\/page"}],"author":[{"embeddable":true,"href":"https:\/\/in.btshub.lu\/wp-json\/wp\/v2\/users\/6"}],"replies":[{"embeddable":true,"href":"https:\/\/in.btshub.lu\/wp-json\/wp\/v2\/comments?post=43"}],"version-history":[{"count":2,"href":"https:\/\/in.btshub.lu\/wp-json\/wp\/v2\/pages\/43\/revisions"}],"predecessor-version":[{"id":73,"href":"https:\/\/in.btshub.lu\/wp-json\/wp\/v2\/pages\/43\/revisions\/73"}],"up":[{"embeddable":true,"href":"https:\/\/in.btshub.lu\/wp-json\/wp\/v2\/pages\/38"}],"wp:attachment":[{"href":"https:\/\/in.btshub.lu\/wp-json\/wp\/v2\/media?parent=43"}],"curies":[{"name":"wp","href":"https:\/\/api.w.org\/{rel}","templated":true}]}}