{"id":48,"date":"2020-07-18T20:29:01","date_gmt":"2020-07-18T20:29:01","guid":{"rendered":"http:\/\/in.btshub.lu\/?page_id=48"},"modified":"2020-07-21T08:53:02","modified_gmt":"2020-07-21T08:53:02","slug":"debouches","status":"publish","type":"page","link":"https:\/\/in.btshub.lu\/presentation\/debouches\/","title":{"rendered":"D\u00e9bouch\u00e9s"},"content":{"rendered":"<p class=\"Text\">Les d\u00e9tenteurs du dipl\u00f4me BTS informatique, une fois exp\u00e9riment\u00e9s, seront aptes \u00e0 occuper des emplois types aussi divers que\u00a0:<\/p>\n<ul>\n<li class=\"Liste Text\">Programmeur<\/li>\n<\/ul>\n<blockquote>\n<p class=\"Gray Text\"><em>Dans son entreprise, c&#8217;est lui qui est charg\u00e9 de concevoir et de d\u00e9velopper une application informatique, c&#8217;est-\u00e0-dire transcrire un besoin en une solution informatique \u00e9crite dans un langage informatique. La mission du programmeur consiste autant \u00e0 faire \u00e9voluer des applications existantes que d&#8217;en mod\u00e9liser de nouvelles.<\/em><\/p>\n<\/blockquote>\n<ul>\n<li class=\"Liste Text\">Administrateur syst\u00e8me,<\/li>\n<\/ul>\n<blockquote>\n<p class=\"Gray Text\"><em>Dans son entreprise, c&#8217;est lui qui est responsable de la planification, l&#8217;installation, la configuration, l&#8217;exploitation et la maintenance de serveurs ainsi qu&#8217;aux services y relatifs.<\/em><\/p>\n<\/blockquote>\n<ul>\n<li class=\"Liste Text\">Administrateur Web,<\/li>\n<\/ul>\n<blockquote>\n<p class=\"Gray Text\"><em>Dans son entreprise, c&#8217;est lui qui est charg\u00e9 du maintien et de l&#8217;\u00e9volution du site web de l&#8217;entreprise (Intra-, Extra- ou Internet). A ce titre, il travaille \u00e0 d\u00e9finir l&#8217;architecture et l&#8217;arborescence du site web, en concertation \u00e9ventuellement avec un ergonome, pour la navigation, un directeur artistique pour la charte graphique et un responsable \u00e9ditorial pour le contenu. En r\u00e8gle g\u00e9n\u00e9rale, le webmestre n&#8217;est pas charg\u00e9 directement de la partie \u00e9ditoriale. Il est charg\u00e9 n\u00e9anmoins de r\u00e9aliser ou de coordonner les d\u00e9veloppements informatiques pour l&#8217;\u00e9volution ou la maintenance du site<\/em><\/p>\n<\/blockquote>\n<ul>\n<li class=\"Liste Text\">Administrateur r\u00e9seaux,<\/li>\n<\/ul>\n<blockquote>\n<p class=\"Gray Text\"><em>Dans son entreprise, c&#8217;est lui qui doit permettre de surveiller l&#8217;activit\u00e9 du r\u00e9seau, de faire intervenir rapidement des techniciens en cas de congestion ou de probl\u00e8mes d&#8217;acc\u00e8s. Par ailleurs, compte tenu de l&#8217;\u00e9volution rapide des technologies et des supports de transmission, l&#8217;administrateur r\u00e9seau doit assurer une veille permanente afin de faire \u00e9voluer l&#8217;infrastructure r\u00e9seau de l&#8217;entreprise.<\/em><\/p>\n<\/blockquote>\n<ul>\n<li class=\"Liste Text\">D\u00e9veloppeur de base de donn\u00e9es,<\/li>\n<\/ul>\n<blockquote>\n<p class=\"Gray Text\"><em>Dans son entreprise, c&#8217;est lui qui con\u00e7oit et d\u00e9ploie une ou plusieurs bases de donn\u00e9es dont il est le garant de la coh\u00e9rence permanente des informations.<br \/>\n<\/em><\/p>\n<\/blockquote>\n<ul>\n<li class=\"Liste Text\">etc.<\/li>\n<\/ul>\n","protected":false},"excerpt":{"rendered":"<p>Les d\u00e9tenteurs du dipl\u00f4me BTS informatique, une fois exp\u00e9riment\u00e9s, seront aptes \u00e0 occuper des emplois types aussi divers que\u00a0: Programmeur Dans son entreprise, c&#8217;est lui qui est charg\u00e9 de concevoir et de d\u00e9velopper une application informatique, c&#8217;est-\u00e0-dire transcrire un besoin&#8230; <a class=\"direadmore\" href=\"https:\/\/in.btshub.lu\/presentation\/debouches\/\"> Continue Reading&#8230;<\/a><\/p>\n","protected":false},"author":6,"featured_media":0,"parent":38,"menu_order":0,"comment_status":"closed","ping_status":"closed","template":"","meta":{"footnotes":""},"class_list":["post-48","page","type-page","status-publish","hentry"],"_links":{"self":[{"href":"https:\/\/in.btshub.lu\/wp-json\/wp\/v2\/pages\/48","targetHints":{"allow":["GET"]}}],"collection":[{"href":"https:\/\/in.btshub.lu\/wp-json\/wp\/v2\/pages"}],"about":[{"href":"https:\/\/in.btshub.lu\/wp-json\/wp\/v2\/types\/page"}],"author":[{"embeddable":true,"href":"https:\/\/in.btshub.lu\/wp-json\/wp\/v2\/users\/6"}],"replies":[{"embeddable":true,"href":"https:\/\/in.btshub.lu\/wp-json\/wp\/v2\/comments?post=48"}],"version-history":[{"count":2,"href":"https:\/\/in.btshub.lu\/wp-json\/wp\/v2\/pages\/48\/revisions"}],"predecessor-version":[{"id":77,"href":"https:\/\/in.btshub.lu\/wp-json\/wp\/v2\/pages\/48\/revisions\/77"}],"up":[{"embeddable":true,"href":"https:\/\/in.btshub.lu\/wp-json\/wp\/v2\/pages\/38"}],"wp:attachment":[{"href":"https:\/\/in.btshub.lu\/wp-json\/wp\/v2\/media?parent=48"}],"curies":[{"name":"wp","href":"https:\/\/api.w.org\/{rel}","templated":true}]}}