{"id":53,"date":"2020-07-18T20:29:40","date_gmt":"2020-07-18T20:29:40","guid":{"rendered":"http:\/\/in.btshub.lu\/?page_id=53"},"modified":"2020-07-21T10:27:18","modified_gmt":"2020-07-21T10:27:18","slug":"enseignement","status":"publish","type":"page","link":"https:\/\/in.btshub.lu\/enseignement\/","title":{"rendered":"Enseignement"},"content":{"rendered":"<div data-post-id=\"121\" class=\"insert-page insert-page-121 \"><h1><a href=\"https:\/\/in.btshub.lu\/enseignement\/plan-detudes\/\">Study plan<\/a><\/h1>\n\t\t\t\t\t\t\t<p>Structure The syllabus is structured to emphasise not only the transmission and acquisition of knowledge, but also the development of personal and methodological skills. The course seeks to foster attitudes that give meaning to the studies and enable students to&#8230; <a class=\"direadmore\" href=\"https:\/\/in.btshub.lu\/enseignement\/plan-detudes\/\"> Continue Reading&#8230;<\/a><\/p>\n<\/div>\n<div data-post-id=\"123\" class=\"insert-page insert-page-123 \"><h1><a href=\"https:\/\/in.btshub.lu\/enseignement\/contenus-des-enseignements\/\">Contenus des enseignements<\/a><\/h1>\n\t\t\t\t\t\t\t<p>Given the multidisciplinary nature of the training, holders of a BTSi will have dealt with the following areas of computing: Networks and telecommunications the basics of computer networks, configuration and maintenance of a router configuration and maintenance of a network&#8230; <a class=\"direadmore\" href=\"https:\/\/in.btshub.lu\/enseignement\/contenus-des-enseignements\/\"> Continue Reading&#8230;<\/a><\/p>\n<\/div>\n<div data-post-id=\"132\" class=\"insert-page insert-page-132 \"><h1><a href=\"https:\/\/in.btshub.lu\/enseignement\/formes-devaluation\/\">Formes d&#8217;\u00e9valuation<\/a><\/h1>\n\t\t\t\t\t\t\t<p>The assessment methods used in BTSi training may be as follows (non-exhaustive list): final examination written exam and\/or practical examination and\/or oral examination continuous assessment in-class performance and\/or assessment of a project and\/or assessment of documentation and research work<\/p>\n<\/div>\n<div data-post-id=\"126\" class=\"insert-page insert-page-126 \"><h1><a href=\"https:\/\/in.btshub.lu\/enseignement\/stage-dans-la-formation-du-btsi\/\">Stage dans la formation du BTSi<\/a><\/h1>\n\t\t\t\t\t\t\t<p>Dans le cadre de la formation du BTSi il est pr\u00e9vu d&#8217;organiser un stage. Ce dernier sera organis\u00e9 en \u00e9troite collaboration avec les entreprises du secteur. Il doit permettre \u00e0 l&#8217;\u00e9tudiant de mettre en \u0153uvre, dans un cadre professionnel, les&#8230; <a class=\"direadmore\" href=\"https:\/\/in.btshub.lu\/enseignement\/stage-dans-la-formation-du-btsi\/\"> Continue Reading&#8230;<\/a><\/p>\n<\/div>\n","protected":false},"excerpt":{"rendered":"","protected":false},"author":6,"featured_media":0,"parent":0,"menu_order":0,"comment_status":"closed","ping_status":"closed","template":"","meta":{"footnotes":""},"class_list":["post-53","page","type-page","status-publish","hentry"],"_links":{"self":[{"href":"https:\/\/in.btshub.lu\/wp-json\/wp\/v2\/pages\/53","targetHints":{"allow":["GET"]}}],"collection":[{"href":"https:\/\/in.btshub.lu\/wp-json\/wp\/v2\/pages"}],"about":[{"href":"https:\/\/in.btshub.lu\/wp-json\/wp\/v2\/types\/page"}],"author":[{"embeddable":true,"href":"https:\/\/in.btshub.lu\/wp-json\/wp\/v2\/users\/6"}],"replies":[{"embeddable":true,"href":"https:\/\/in.btshub.lu\/wp-json\/wp\/v2\/comments?post=53"}],"version-history":[{"count":3,"href":"https:\/\/in.btshub.lu\/wp-json\/wp\/v2\/pages\/53\/revisions"}],"predecessor-version":[{"id":135,"href":"https:\/\/in.btshub.lu\/wp-json\/wp\/v2\/pages\/53\/revisions\/135"}],"wp:attachment":[{"href":"https:\/\/in.btshub.lu\/wp-json\/wp\/v2\/media?parent=53"}],"curies":[{"name":"wp","href":"https:\/\/api.w.org\/{rel}","templated":true}]}}