{"id":59,"date":"2020-07-18T20:30:34","date_gmt":"2020-07-18T20:30:34","guid":{"rendered":"http:\/\/in.btshub.lu\/?page_id=59"},"modified":"2024-09-19T17:01:31","modified_gmt":"2024-09-19T16:01:31","slug":"contacts","status":"publish","type":"page","link":"https:\/\/in.btshub.lu\/contacts\/","title":{"rendered":"Contact"},"content":{"rendered":"<p class=\"Text\"><img decoding=\"async\" title=\"\" src=\"https:\/\/www.ltam.lu\/Pictures\/pfeil_red-30.gif\" alt=\"\" \/><img decoding=\"async\" title=\"\" src=\"https:\/\/www.ltam.lu\/Pictures\/pfeil_red-30.gif\" alt=\"\" \/><img decoding=\"async\" title=\"\" src=\"https:\/\/www.ltam.lu\/Pictures\/pfeil_red-30.gif\" alt=\"\" \/>\u00a0<strong>L.A.M.<\/strong><\/p>\n<p class=\"Text\">Lyc\u00e9e des Arts et M\u00e9tiers<br \/>\n19, rue Guillaume Schneider<br \/>\nL-2522 Luxembourg<br \/>\nT\u00e9l\u00e9phone +352 46 76 16 &#8211; 1<br \/>\nFax +352 47 29 91<br \/>\n<a href=\"http:\/\/www.artsetmetiers.lu\" target=\"_blank\" rel=\"noopener noreferrer\">http:\/\/www.artsetmetiers.lu<\/a><br \/>\n<a href=\"http:\/\/btshub.lu\" target=\"_blank\" rel=\"noopener noreferrer\">http:\/\/btshub.lu<\/a><br \/>\nE-Mail: <a href=\"mailto:info@btsi.lu\">info@btsi.lu<\/a><\/p>\n<p class=\"Text\"><img decoding=\"async\" title=\"\" src=\"https:\/\/www.ltam.lu\/Pictures\/pfeil_red-30.gif\" alt=\"\" \/><img decoding=\"async\" title=\"\" src=\"https:\/\/www.ltam.lu\/Pictures\/pfeil_red-30.gif\" alt=\"\" \/><img decoding=\"async\" title=\"\" src=\"https:\/\/www.ltam.lu\/Pictures\/pfeil_red-30.gif\" alt=\"\" \/> <strong>Minist\u00e8re de l&#8217;Enseignement sup\u00e9rieur et de la Recherche<\/strong><\/p>\n<p class=\"Text\">18-20, Mont\u00e9e de la P\u00e9trusse<br \/>\nL-2327 Luxembourg<br \/>\nT\u00e9l\u00e9phone +352 247 86619<br \/>\nFax +352 26 29 60 37<br \/>\n<a href=\"http:\/\/www.mesr.public.lu\" target=\"_blank\" rel=\"noopener noreferrer\">http:\/\/www.mesr.public.lu<\/a><br \/>\nE-Mail: <a href=\"mailto:guy.loos@mesr.etat.lu\">guy.loos@mesr.etat.lu<\/a><\/p>\n<p class=\"Text\"><img decoding=\"async\" title=\"\" src=\"https:\/\/www.ltam.lu\/Pictures\/pfeil_red-30.gif\" alt=\"\" \/><img decoding=\"async\" title=\"\" src=\"https:\/\/www.ltam.lu\/Pictures\/pfeil_red-30.gif\" alt=\"\" \/><img decoding=\"async\" title=\"\" src=\"https:\/\/www.ltam.lu\/Pictures\/pfeil_red-30.gif\" alt=\"\" \/>\u00a0<strong>C.E.D.I.E.S.<\/strong><\/p>\n<p class=\"Text\">Centre de Documentation et d\u2018Information<br \/>\nsur l\u2018Enseignement Sup\u00e9rieur<br \/>\n18-20, Mont\u00e9e de la P\u00e9trusse<br \/>\nL-2327 Luxembourg<br \/>\nT\u00e9l\u00e9phone +352 247 88650<br \/>\nFax +352 26 19 01 04<br \/>\n<a href=\"http:\/\/www.cedies.public.lu\/\" target=\"_blank\" rel=\"noopener noreferrer\">http:\/\/www.cedies.public.lu\/<\/a><br \/>\nE-Mail: <a href=\"mailto:etudes@mesr.etat.lu\">etudes@mesr.etat.lu<\/a><\/p>\n<p class=\"Text\">\n","protected":false},"excerpt":{"rendered":"<p>\u00a0L.A.M. Lyc\u00e9e des Arts et M\u00e9tiers 19, rue Guillaume Schneider L-2522 Luxembourg T\u00e9l\u00e9phone +352 46 76 16 &#8211; 1 Fax +352 47 29 91 http:\/\/www.artsetmetiers.lu http:\/\/btshub.lu E-Mail: info@btsi.lu Minist\u00e8re de l&#8217;Enseignement sup\u00e9rieur et de la Recherche 18-20, Mont\u00e9e de la&#8230; <a class=\"direadmore\" href=\"https:\/\/in.btshub.lu\/contacts\/\"> Continue Reading&#8230;<\/a><\/p>\n","protected":false},"author":6,"featured_media":0,"parent":0,"menu_order":0,"comment_status":"closed","ping_status":"closed","template":"","meta":{"footnotes":""},"class_list":["post-59","page","type-page","status-publish","hentry"],"_links":{"self":[{"href":"https:\/\/in.btshub.lu\/wp-json\/wp\/v2\/pages\/59","targetHints":{"allow":["GET"]}}],"collection":[{"href":"https:\/\/in.btshub.lu\/wp-json\/wp\/v2\/pages"}],"about":[{"href":"https:\/\/in.btshub.lu\/wp-json\/wp\/v2\/types\/page"}],"author":[{"embeddable":true,"href":"https:\/\/in.btshub.lu\/wp-json\/wp\/v2\/users\/6"}],"replies":[{"embeddable":true,"href":"https:\/\/in.btshub.lu\/wp-json\/wp\/v2\/comments?post=59"}],"version-history":[{"count":6,"href":"https:\/\/in.btshub.lu\/wp-json\/wp\/v2\/pages\/59\/revisions"}],"predecessor-version":[{"id":250,"href":"https:\/\/in.btshub.lu\/wp-json\/wp\/v2\/pages\/59\/revisions\/250"}],"wp:attachment":[{"href":"https:\/\/in.btshub.lu\/wp-json\/wp\/v2\/media?parent=59"}],"curies":[{"name":"wp","href":"https:\/\/api.w.org\/{rel}","templated":true}]}}