{"id":66,"date":"2020-07-21T08:45:12","date_gmt":"2020-07-21T08:45:12","guid":{"rendered":"http:\/\/in.btshub.lu\/?page_id=66"},"modified":"2020-07-21T09:45:53","modified_gmt":"2020-07-21T09:45:53","slug":"bienvenue","status":"publish","type":"page","link":"https:\/\/in.btshub.lu\/","title":{"rendered":"Bienvenue"},"content":{"rendered":"<p class=\"Text\">Bienvenu sur les pages du BTS en informatique (BTSi) du LAM.<\/p>\n<div dir=\"ltr\">\n<p class=\"Text\">Lors d&#8217;une <a href=\"http:\/\/www.gouvernement.lu\/salle_presse\/actualite\/2010\/06-juin\/24-bts\/index.html\" target=\"_blank\" rel=\"noopener noreferrer\">conf\u00e9rence de presse<\/a> qui s&#8217;est tenue le 24 juin 2010, Fran\u00e7ois Biltgen, ministre de l\u2019Enseignement sup\u00e9rieur et de la Recherche et Mady Delvaux-Stehres, ministre de l\u2019Education nationale et de la Formation professionnelle, viennent d\u2019annoncer le d\u00e9marrage, \u00e0 la rentr\u00e9e acad\u00e9mique 2010, du <a href=\"https:\/\/btshub.lu\/?page_id=24\">Brevet de Technicien Sup\u00e9rieur<\/a>, BTS informatique (BTSi), organis\u00e9 au Lyc\u00e9e technique des Arts et M\u00e9tiers.<\/p>\n<p class=\"Text\">Cette formation de l\u2019enseignement sup\u00e9rieur, d\u2019une dur\u00e9e de deux ans, a \u00e9t\u00e9 \u00e9labor\u00e9e en concertation avec le secteur professionnel concern\u00e9, et ce afin de garantir une parfaite ad\u00e9quation entre le profil professionnel et le contenu de la formation.<\/p>\n<p class=\"Text\">Organis\u00e9 en semestres et en modules dot\u00e9s de <a href=\"https:\/\/btshub.lu\/?page_id=82\">cr\u00e9dits ECTS<\/a>, la formation BTSi inclut une p\u00e9riode de stage en milieu professionnel.<\/p>\n<p class=\"Text\">La formation a fait l\u2019objet d\u2019une proc\u00e9dure d\u2019accr\u00e9ditation par un comit\u00e9 d\u2019accr\u00e9ditation externe et sur base de l\u2019avis positif \u00e9mis, le ministre de l\u2019Enseignement sup\u00e9rieur et de la Recherche a autoris\u00e9 la formation BTSi pour une dur\u00e9e de cinq ans. La formation fera alors l\u2019objet d\u2019une \u00e9valuation et la reconduction pour une nouvelle p\u00e9riode de cinq ans pourra \u00eatre d\u00e9cid\u00e9e.<\/p>\n<p class=\"Text\">La formation du BTSi a d\u00e9but\u00e9 le 27 septembre 2010.<\/p>\n<\/div>\n<p class=\"Text\">Le site du BTSi est tr\u00e8s jeune et se trouve en constante voie d&#8217;am\u00e9lioration et de perfectionnement. Il se peut que le contenu des pages change pour des raisons organisationnels. Tous vos commentaires et suggestions pour l&#8217;am\u00e9lioration du site sont les bienvenus et sont \u00e0 communiquer \u00e0 l&#8217;adresse: <a href=\"mailto:bts-informatique@ltam.lu\">bts-informatique@ltam.lu<\/a>.<\/p>\n","protected":false},"excerpt":{"rendered":"<p>Bienvenu sur les pages du BTS en informatique (BTSi) du LAM. Lors d&#8217;une conf\u00e9rence de presse qui s&#8217;est tenue le 24 juin 2010, Fran\u00e7ois Biltgen, ministre de l\u2019Enseignement sup\u00e9rieur et de la Recherche et Mady Delvaux-Stehres, ministre de l\u2019Education nationale&#8230; <a class=\"direadmore\" href=\"https:\/\/in.btshub.lu\/\"> Continue Reading&#8230;<\/a><\/p>\n","protected":false},"author":6,"featured_media":0,"parent":0,"menu_order":0,"comment_status":"closed","ping_status":"closed","template":"","meta":{"footnotes":""},"class_list":["post-66","page","type-page","status-publish","hentry"],"_links":{"self":[{"href":"https:\/\/in.btshub.lu\/wp-json\/wp\/v2\/pages\/66","targetHints":{"allow":["GET"]}}],"collection":[{"href":"https:\/\/in.btshub.lu\/wp-json\/wp\/v2\/pages"}],"about":[{"href":"https:\/\/in.btshub.lu\/wp-json\/wp\/v2\/types\/page"}],"author":[{"embeddable":true,"href":"https:\/\/in.btshub.lu\/wp-json\/wp\/v2\/users\/6"}],"replies":[{"embeddable":true,"href":"https:\/\/in.btshub.lu\/wp-json\/wp\/v2\/comments?post=66"}],"version-history":[{"count":3,"href":"https:\/\/in.btshub.lu\/wp-json\/wp\/v2\/pages\/66\/revisions"}],"predecessor-version":[{"id":70,"href":"https:\/\/in.btshub.lu\/wp-json\/wp\/v2\/pages\/66\/revisions\/70"}],"wp:attachment":[{"href":"https:\/\/in.btshub.lu\/wp-json\/wp\/v2\/media?parent=66"}],"curies":[{"name":"wp","href":"https:\/\/api.w.org\/{rel}","templated":true}]}}