{"id":75,"date":"2020-07-21T08:52:32","date_gmt":"2020-07-21T08:52:32","guid":{"rendered":"http:\/\/in.btshub.lu\/?page_id=75"},"modified":"2020-07-21T08:52:32","modified_gmt":"2020-07-21T08:52:32","slug":"prestations-detudes","status":"publish","type":"page","link":"https:\/\/in.btshub.lu\/presentation\/prestations-detudes\/","title":{"rendered":"Prestations d&#8217;\u00e9tudes"},"content":{"rendered":"<p class=\"Text\">La loi du <a href=\"https:\/\/btshub.lu\/wp-content\/uploads\/2020\/07\/Memorial_a153_-_BTS_Loi_du_19juin2009.pdf\">19 juin 2009<\/a> portant organisation de l&#8217;enseignement sup\u00e9rieur stipule que l\u2019obtention du brevet de technicien sup\u00e9rieur comporte l\u2019acquisition de 120 cr\u00e9dits europ\u00e9ens.<\/p>\n<p class=\"Text\">La dur\u00e9e normale de la formation du brevet de technicien sup\u00e9rieur est de deux ann\u00e9es scolaires.<\/p>\n<p class=\"Text\">Le brevet de technicien sup\u00e9rieur est d\u00e9livr\u00e9 aux candidats qui ont obtenu une note sup\u00e9rieure ou \u00e9gale \u00e0 10 sur 20 dans chacun des modules qui composent le programme de formation. Tous les modules offerts dans le cadre de la formation BTSi doivent obligatoirement \u00eatre valid\u00e9s afin d&#8217;obtenir le dipl\u00f4me du brevet de technicien sup\u00e9rieur informatique.<\/p>\n","protected":false},"excerpt":{"rendered":"<p>La loi du 19 juin 2009 portant organisation de l&#8217;enseignement sup\u00e9rieur stipule que l\u2019obtention du brevet de technicien sup\u00e9rieur comporte l\u2019acquisition de 120 cr\u00e9dits europ\u00e9ens. La dur\u00e9e normale de la formation du brevet de technicien sup\u00e9rieur est de deux ann\u00e9es&#8230; <a class=\"direadmore\" href=\"https:\/\/in.btshub.lu\/presentation\/prestations-detudes\/\"> Continue Reading&#8230;<\/a><\/p>\n","protected":false},"author":6,"featured_media":0,"parent":38,"menu_order":4,"comment_status":"closed","ping_status":"closed","template":"","meta":{"footnotes":""},"class_list":["post-75","page","type-page","status-publish","hentry"],"_links":{"self":[{"href":"https:\/\/in.btshub.lu\/wp-json\/wp\/v2\/pages\/75","targetHints":{"allow":["GET"]}}],"collection":[{"href":"https:\/\/in.btshub.lu\/wp-json\/wp\/v2\/pages"}],"about":[{"href":"https:\/\/in.btshub.lu\/wp-json\/wp\/v2\/types\/page"}],"author":[{"embeddable":true,"href":"https:\/\/in.btshub.lu\/wp-json\/wp\/v2\/users\/6"}],"replies":[{"embeddable":true,"href":"https:\/\/in.btshub.lu\/wp-json\/wp\/v2\/comments?post=75"}],"version-history":[{"count":1,"href":"https:\/\/in.btshub.lu\/wp-json\/wp\/v2\/pages\/75\/revisions"}],"predecessor-version":[{"id":76,"href":"https:\/\/in.btshub.lu\/wp-json\/wp\/v2\/pages\/75\/revisions\/76"}],"up":[{"embeddable":true,"href":"https:\/\/in.btshub.lu\/wp-json\/wp\/v2\/pages\/38"}],"wp:attachment":[{"href":"https:\/\/in.btshub.lu\/wp-json\/wp\/v2\/media?parent=75"}],"curies":[{"name":"wp","href":"https:\/\/api.w.org\/{rel}","templated":true}]}}