{"id":86,"date":"2020-07-21T09:17:17","date_gmt":"2020-07-21T09:17:17","guid":{"rendered":"http:\/\/in.btshub.lu\/?page_id=86"},"modified":"2023-03-06T17:28:35","modified_gmt":"2023-03-06T16:28:35","slug":"examen-dadmission","status":"publish","type":"page","link":"https:\/\/in.btshub.lu\/admission\/examen-dadmission\/","title":{"rendered":"Examen d&#8217;admission"},"content":{"rendered":"<h2 class=\"Heading_3 Text\">Calendrier<\/h2>\n<p class=\"Text\">L&#8217;\u00e9preuve \u00ab programmation de base \u00bb aura lieu dans la matin\u00e9e du premier jours d&#8217;examen, tandis que l&#8217;\u00e9preuve \u00ab compr\u00e9hension d&#8217;un article provenant d&#8217;un magazine technique du domaine de l&#8217;informatique \u00bb avec entretien de motivation aura lieu l&#8217;apr\u00e8s-midi. Les horaires exacts seront communiqu\u00e9s en temps utile aux candidats int\u00e9ress\u00e9s. La date de l&#8217;examen d&#8217;admission se trouve dans la rubrique <a href=\"https:\/\/in.btshub.lu\/?page_id=56\">dates importantes<\/a>.<\/p>\n<h2 class=\"Heading_3 Text\">Description<\/h2>\n<p class=\"Text\">Un examen concours servira \u00e0 tester si les candidats poss\u00e8dent les connaissances et dispositions n\u00e9cessaires pour la formation. Cet examen est comparable \u00e0 ceux d\u2019autres BTS du LAM. Il comportera les \u00e9preuves suivantes :<\/p>\n<ul>\n<li>Une <a href=\"https:\/\/in.btshub.lu\/?page_id=89\">\u00e9preuve \u00e9crite<\/a> \u00ab Problem Solving \u00bb visant \u00e0 mesurer les connaissances math\u00e9matiques, algorithmiques et les comp\u00e9tences de planification, de pens\u00e9e logique ainsi que de r\u00e9solution de probl\u00e8me.<\/li>\n<li>Un entretien de motivation visera \u00e0 v\u00e9rifier l\u2019int\u00e9r\u00eat du candidat pour la formation et les aptitudes basiques n\u00e9cessaires pour exercer la future profession. L\u2019entretien se fait selon les r\u00e8gles d\u2019un entretien d\u2019embauche. Cet entretien sera tenu en anglais pour assurer que l\u2019\u00e9l\u00e8ve poss\u00e8de un niveau d\u2019anglais adapt\u00e9 pour participer au curriculum.<\/li>\n<\/ul>\n<p>Les d\u00e9cisions et r\u00e9sultats sont communiqu\u00e9s aux candidats par courriel. Aucune d\u00e9cision et aucun r\u00e9sultat ne sera communiqu\u00e9 via t\u00e9l\u00e9phone ou publi\u00e9 sur le site internet.<\/p>\n<p><span lang=\"FR\">Les d\u00e9cisions de la commission ad-hoc sont sans recours sauf ceux pr\u00e9vus \u00e0 l\u2019article 2 (1) de la Loi modifi\u00e9e du 7 novembre 1996 portant organisation des juridictions de l\u2019ordre administratif.<\/span><\/p>\n<p>.<\/p>\n","protected":false},"excerpt":{"rendered":"<p>Calendrier L&#8217;\u00e9preuve \u00ab programmation de base \u00bb aura lieu dans la matin\u00e9e du premier jours d&#8217;examen, tandis que l&#8217;\u00e9preuve \u00ab compr\u00e9hension d&#8217;un article provenant d&#8217;un magazine technique du domaine de l&#8217;informatique \u00bb avec entretien de motivation aura lieu l&#8217;apr\u00e8s-midi. Les&#8230; <a class=\"direadmore\" href=\"https:\/\/in.btshub.lu\/admission\/examen-dadmission\/\"> Continue Reading&#8230;<\/a><\/p>\n","protected":false},"author":6,"featured_media":0,"parent":50,"menu_order":0,"comment_status":"closed","ping_status":"closed","template":"","meta":{"footnotes":""},"class_list":["post-86","page","type-page","status-publish","hentry"],"_links":{"self":[{"href":"https:\/\/in.btshub.lu\/wp-json\/wp\/v2\/pages\/86","targetHints":{"allow":["GET"]}}],"collection":[{"href":"https:\/\/in.btshub.lu\/wp-json\/wp\/v2\/pages"}],"about":[{"href":"https:\/\/in.btshub.lu\/wp-json\/wp\/v2\/types\/page"}],"author":[{"embeddable":true,"href":"https:\/\/in.btshub.lu\/wp-json\/wp\/v2\/users\/6"}],"replies":[{"embeddable":true,"href":"https:\/\/in.btshub.lu\/wp-json\/wp\/v2\/comments?post=86"}],"version-history":[{"count":10,"href":"https:\/\/in.btshub.lu\/wp-json\/wp\/v2\/pages\/86\/revisions"}],"predecessor-version":[{"id":236,"href":"https:\/\/in.btshub.lu\/wp-json\/wp\/v2\/pages\/86\/revisions\/236"}],"up":[{"embeddable":true,"href":"https:\/\/in.btshub.lu\/wp-json\/wp\/v2\/pages\/50"}],"wp:attachment":[{"href":"https:\/\/in.btshub.lu\/wp-json\/wp\/v2\/media?parent=86"}],"curies":[{"name":"wp","href":"https:\/\/api.w.org\/{rel}","templated":true}]}}