{"id":89,"date":"2020-07-21T09:19:00","date_gmt":"2020-07-21T09:19:00","guid":{"rendered":"http:\/\/in.btshub.lu\/?page_id=89"},"modified":"2020-07-21T09:34:23","modified_gmt":"2020-07-21T09:34:23","slug":"modele-de-lexamen-dadmission","status":"publish","type":"page","link":"https:\/\/in.btshub.lu\/admission\/modele-de-lexamen-dadmission\/","title":{"rendered":"Mod\u00e8le de l&#8217;examen d&#8217;admission"},"content":{"rendered":"<h2 class=\"Heading_2 Text\">Partie: programmation de base<\/h2>\n<p class=\"Text\">Pour toutes les questions ci-dessous vous \u00eatre libre de choisir l&#8217;un des formats de r\u00e9ponse suivants\u00a0:<\/p>\n<ul>\n<li class=\"Liste Text\">r\u00e9ponse sous forme de code source avec indication du langage de programmation utilis\u00e9 ou<\/li>\n<li class=\"Liste Text\">r\u00e9ponse sous forme d&#8217;un structogramme ou d&#8217;un flowchart.<\/li>\n<\/ul>\n<h3 class=\"Heading_3 Text\">Question 1<\/h3>\n<p class=\"Text\">\u00c9crivez la fonction \u00ab\u00a0FACT(byte):real\u00a0\u00bb qui calcule et retourne la factorielle d&#8217;un nombre donn\u00e9. Rappel: Il n&#8217;est pas possible de calculer la factorielle d&#8217;un nombre n\u00e9gatif (d&#8217;o\u00f9 le fait que le param\u00e8tre de la fonction est un \u00ab\u00a0byte\u00a0\u00bb) et, par d\u00e9finition, la factorielle de \u00ab\u00a00\u00a0\u00bb est \u00ab\u00a01\u00a0\u00bb.<\/p>\n<h3 class=\"Heading_3 Text\">Solution mod\u00e8le (forme: structogramme)<\/h3>\n<p class=\"Text\"><img loading=\"lazy\" decoding=\"async\" class=\"biggie\" src=\"https:\/\/www.ltam.lu\/Uploads\/btsi\/FACT.png\" alt=\"Structogramme\" width=\"203\" height=\"236\" border=\"0\" \/><\/p>\n<h3 class=\"Heading_3 Text\">Question 2<\/h3>\n<p class=\"Text\">\u00c9crivez la fonction \u00ab\u00a0PARFAIT(integer):boolean\u00bb qui d\u00e9termine si un nombre donn\u00e9 est parfait ou non\u00a0! Par d\u00e9finition, un nombre parfait est un nombre dont la somme de ses diviseurs propres (= tous les diviseurs qui sont plus petit que le nombre lui-m\u00eame) est \u00e9gal au nombre lui-m\u00eame.<\/p>\n<h3 class=\"Heading_3 Text\">Solution mod\u00e8le (forme: code Pascal)<\/h3>\n<p class=\"Text\">function PARFAIT(pNOMBRE:integer):boolean;<br \/>\nvar I,SUM_DIVISEURS:intgeger;<br \/>\nbegin<br \/>\nSUM_DIVISEURS:=0;<br \/>\nfor I:=1 to pNOMBRE-1 do<br \/>\nif (pNOMBRE div I = 0) then<br \/>\nSUM_DIVISEURS:=SUM_DIVISEURS+I;<br \/>\nResult:=(SUM_DIVISEURS=pNOMBRE);<br \/>\nend;<\/p>\n<p class=\"Heading_2 Text\">Partie: compr\u00e9hension d&#8217;un article provenant d&#8217;un magazine technique du domaine de l&#8217;informatique<\/p>\n<p class=\"Heading_3 Text\"><strong>Texte<\/strong><\/p>\n<blockquote>\n<p class=\"Text\"><strong><span class=\"Gray\">N<\/span><span class=\"Gray\">euer Mac mini noch kompakter<\/span><\/strong><\/p>\n<p class=\"Gray Text\">Apple hat seinen Mac mini[1] komplett \u00fcberarbeitet: Das aus einem St\u00fcck Aluminium gefertigte &#8220;Unibody&#8221;-Geh\u00e4use ist mit 19,7 cm \u00d719,7 cm Kantenl\u00e4nge breiter und mit 3,6 cm H\u00f6he flacher als das bisherige. Der Spannungswandler sitzt nun mit im Geh\u00e4use, das externe Netzteil f\u00e4llt weg. So verringert sich das Volumen nach Angaben von Apple insgesamt um 20 Prozent. Der Mac mini ist laut Pressemitteilung trotz gesteigerter Grafikleistung &#8220;der energieeffizienteste Desktop-Rechner weltweit&#8221;, er soll im Betrieb weniger als 10 Watt an Leistung aufnehmen.<\/p>\n<p class=\"Gray Text\">An der Hinterseite findet sich nun eine HDMI-Buchse, \u00fcber die man auch angeschlossene Full-HD-Fachbildschirme mit Bild und Mehrkanalton versorgen kann. F\u00fcr gew\u00f6hnliche Computermonitore wird ein HDMI-auf-DVI-Adapter mitgeliefert. Ein zweiter Bildschirm mit bis zu 2560 \u00d7 1600 Pixeln l\u00e4sst sich \u00fcber den MiniDisplayPort anschlie\u00dfen. Neu ist auch ein SD-Kartensteckplatz an der R\u00fcckfront.<\/p>\n<p class=\"Gray Text\">Das Innenleben des Mac mini entspricht nun weitgehend dem des aktuellen MacBook[2]. Wichtigste Neuerung ist die Nividia-Chipsatzgrafik GeForce 320M. Sie zwackt sich 256 MByte RAM vom Hauptspeicher ab und arbeitet deutlich schneller als die bisherige 9400M-Grafik. Der Intel-Core-2-Duo-Prozessor bringt 3 MByte gemeinsamen Level-2-Cache mit und arbeitet mit einer Taktrate von 2,4 GHz oder 2,66 GHz (Aufpreis 135 Euro). In der Grundkonfiguration wird der Mac mini mit zwei 1-GByte-SO-DIMMs ausgestattet, der Speicher kann auf 8 GByte (2 \u00d7 4) erweitert werden. Dazu braucht man keinen angeschliffenen Spachtel mehr, an der Unterseite gibt es eine einfach zu \u00f6ffnende runde Platte.<\/p>\n<p class=\"Gray Text\">Die Festplatte fasst standardm\u00e4\u00dfig 320 GByte an Daten, zur Auswahl im Apple Store stehen auch Modelle mit 500 GByte, aber keine Solid-State-Drives. Das optische Laufwerk brennt und liest alles bis zur Double-Layer-DVD, aber keine Blu-Ray-Discs. Zur weiteren Ausstattung z\u00e4hlt 802.11n-WLAN, Bluetooth 2.1+EDR, Gigabit Ethernet, FireWire 800, 4 \u00d7 USB 2.0, kombinierte Audio Ein- und Ausg\u00e4nge sowie das Softwarepaket iLife. Nicht mitgeliefert werden wie bisher Tastatur und Maus. \u2026..<\/p>\n<p class=\"Gray Text\">Quelle: http:\/\/www.heise.de\/ct\/meldung\/Neuer-Mac-mini-noch-kompakter-1022483.html<\/p>\n<\/blockquote>\n<p class=\"Heading_3 Text\"><strong>Questions:<\/strong><\/p>\n<ol>\n<li class=\"Text\">Kreuze alle Anschl\u00fcsse f\u00fcr externe Monitore an, welche beim neuen Mac mini vorhanden sind.\n<ul>\n<li class=\"Text\">HDMI<\/li>\n<li class=\"Text\">DVI<\/li>\n<li class=\"Text\">WLAN<\/li>\n<li class=\"Text\">SD<\/li>\n<\/ul>\n<\/li>\n<li class=\"Text\">Welche CPU wird standardm\u00e4\u00dfig im neuen Mac mini verwendet?<\/li>\n<li class=\"Text\">Wie viel Hauptspeicher (RAM) kann maximal im Mac mini eingebaut werden und wie viele Steckpl\u00e4tze stehen zur Verf\u00fcgung?<\/li>\n<li class=\"Text\">Gib alle aufgelisteten M\u00f6glichkeiten an die man verwenden kann um Daten auf die Festplatte des Mac mini einzuspielen.<\/li>\n<li class=\"Text\">Bildschirme, Grafikkarten, Festplatten sind nur einige der hier angedeuteten Themengebiete. Schreibe zu einem der im Text behandelten Themengebiete eine technische Beschreibung. Ungef\u00e4hr 300 Worte.<\/li>\n<\/ol>\n<p class=\"Heading_3 Text\"><strong>Solution mod\u00e8le:<\/strong><\/p>\n<ol>\n<li class=\"Text\">HDMI, DVI<\/li>\n<li class=\"Text\">Der verwendete Prozessor ist der Intel-Core-2-Duo mit 2.4Ghz und 3MB Level-2-Cache.<\/li>\n<li class=\"Text\">Man kann maximal 8GB Speicher verwenden indem man die 2 Steckpl\u00e4tze verwendet.<\/li>\n<li class=\"Text\">Man kann die Daten \u00fcber das DVD-Laufwerk, Wireless-LAN, Bluetooth, Gigabit-Netzwerk, FireWire, USB oder Audio-Eingang einspielen.<\/li>\n<li class=\"Text\">Z.B.: Text welcher die wesentlichen Eigenschaften, den Aufbau und die Funktionsweise einer Festplatte beschreibt.<\/li>\n<\/ol>\n","protected":false},"excerpt":{"rendered":"<p>Partie: programmation de base Pour toutes les questions ci-dessous vous \u00eatre libre de choisir l&#8217;un des formats de r\u00e9ponse suivants\u00a0: r\u00e9ponse sous forme de code source avec indication du langage de programmation utilis\u00e9 ou r\u00e9ponse sous forme d&#8217;un structogramme ou&#8230; <a class=\"direadmore\" href=\"https:\/\/in.btshub.lu\/admission\/modele-de-lexamen-dadmission\/\"> Continue Reading&#8230;<\/a><\/p>\n","protected":false},"author":6,"featured_media":0,"parent":50,"menu_order":3,"comment_status":"closed","ping_status":"closed","template":"","meta":{"footnotes":""},"class_list":["post-89","page","type-page","status-publish","hentry"],"_links":{"self":[{"href":"https:\/\/in.btshub.lu\/wp-json\/wp\/v2\/pages\/89","targetHints":{"allow":["GET"]}}],"collection":[{"href":"https:\/\/in.btshub.lu\/wp-json\/wp\/v2\/pages"}],"about":[{"href":"https:\/\/in.btshub.lu\/wp-json\/wp\/v2\/types\/page"}],"author":[{"embeddable":true,"href":"https:\/\/in.btshub.lu\/wp-json\/wp\/v2\/users\/6"}],"replies":[{"embeddable":true,"href":"https:\/\/in.btshub.lu\/wp-json\/wp\/v2\/comments?post=89"}],"version-history":[{"count":1,"href":"https:\/\/in.btshub.lu\/wp-json\/wp\/v2\/pages\/89\/revisions"}],"predecessor-version":[{"id":91,"href":"https:\/\/in.btshub.lu\/wp-json\/wp\/v2\/pages\/89\/revisions\/91"}],"up":[{"embeddable":true,"href":"https:\/\/in.btshub.lu\/wp-json\/wp\/v2\/pages\/50"}],"wp:attachment":[{"href":"https:\/\/in.btshub.lu\/wp-json\/wp\/v2\/media?parent=89"}],"curies":[{"name":"wp","href":"https:\/\/api.w.org\/{rel}","templated":true}]}}